{"id":1203,"date":"2022-07-06T12:00:33","date_gmt":"2022-07-06T12:00:33","guid":{"rendered":"https:\/\/yeninesilagro.com\/?page_id=1203"},"modified":"2022-07-20T12:36:23","modified_gmt":"2022-07-20T12:36:23","slug":"kurumsal","status":"publish","type":"page","link":"https:\/\/yeninesilagro.com\/ar\/kurumsal","title":{"rendered":"\u0627\u0644\u0634\u0631\u0643\u0627\u062a"},"content":{"rendered":"<p><b>Bereket Topraktan, Lezzet YEN\u0130 NES\u0130L AGRO&#8217;dan\u00a0<\/b>\u0644\u0642\u062f \u0639\u0645\u0644\u0646\u0627 \u0645\u0646\u0630 \u0633\u0646\u0648\u0627\u062a \u0639\u0644\u0649 \u062a\u0632\u064a\u064a\u0646 \u0627\u0644\u0645\u0648\u0627\u0626\u062f \u0628\u0647\u0630\u0627 \u0627\u0644\u0634\u0639\u0627\u0631 \u0628\u0623\u0643\u062b\u0631 \u0627\u0644\u0637\u0631\u0642 \u0637\u0628\u064a\u0639\u064a\u0629 \u0648\u0644\u0630\u064a\u0630\u0629\u060c \u0648\u0639\u0645\u0644\u0646\u0627 \u0628\u062f\u0642\u0629 \u0641\u064a \u0627\u0644\u0639\u0645\u0644\u064a\u0629 \u0627\u0644\u0635\u0639\u0628\u0629 \u0648\u0627\u0644\u0634\u0627\u0642\u0629 \u0628\u062f\u0621\u064b\u0627 \u0645\u0646 \u0632\u0631\u0627\u0639\u0629 \u0627\u0644\u0645\u0646\u062a\u062c \u0648\u062d\u062a\u0649 \u062a\u063a\u0644\u064a\u0641\u0647\u060c \u0648\u0642\u062f \u0623\u0648\u0644\u064a\u0646\u0627 \u0623\u0647\u0645\u064a\u0629 \u0644\u0644\u0635\u062d\u0629 \u0648\u0643\u0630\u0644\u0643 \u0627\u0644\u0645\u0630\u0627\u0642.<\/p>\n<p>Daha sa\u011fl\u0131kl\u0131 bir nesil in\u015fa etmek i\u00e7in, temel g\u0131da kategorisinde topraktan sofraya, katma de\u011ferli \u00fcr\u00fcnler \u00fcreten, yenilik\u00e7i ilkel ve m\u00fc\u015fteri ihtiya\u00e7lar\u0131n\u0131 g\u00f6zeten yakla\u015f\u0131mla Hizmetinizdeyiz&#8230;<\/p>","protected":false},"excerpt":{"rendered":"<p>Bereket Topraktan, Lezzet YEN\u0130 NES\u0130L &hellip;<\/p>\n<p class=\"read-more\"> <a class=\"\" href=\"https:\/\/yeninesilagro.com\/ar\/kurumsal\"> <span class=\"screen-reader-text\">\u0627\u0644\u0634\u0631\u0643\u0627\u062a<\/span> \u0627\u0642\u0631\u0623 \u0627\u0644\u0645\u0632\u064a\u062f \u00bb<\/a><\/p>","protected":false},"author":4,"featured_media":0,"parent":0,"menu_order":0,"comment_status":"closed","ping_status":"closed","template":"","meta":{"site-sidebar-layout":"default","site-content-layout":"default","ast-global-header-display":"","ast-banner-title-visibility":"","ast-main-header-display":"","ast-hfb-above-header-display":"","ast-hfb-below-header-display":"","ast-hfb-mobile-header-display":"","site-post-title":"disabled","ast-breadcrumbs-content":"","ast-featured-img":"","footer-sml-layout":"","theme-transparent-header-meta":"default","adv-header-id-meta":"","stick-header-meta":"default","header-above-stick-meta":"","header-main-stick-meta":"","header-below-stick-meta":"","footnotes":""},"class_list":["post-1203","page","type-page","status-publish","hentry"],"yoast_head":"<!-- This site is optimized with the Yoast SEO plugin v19.2 - https:\/\/yoast.com\/wordpress\/plugins\/seo\/ -->\n<title>Kurumsal - Yeni Nesil Agro \u00ae<\/title>\n<meta name=\"robots\" content=\"index, follow, max-snippet:-1, max-image-preview:large, max-video-preview:-1\" \/>\n<link rel=\"canonical\" href=\"https:\/\/yeninesilagro.com\/ar\/kurumsal\/\" \/>\n<meta property=\"og:locale\" content=\"ar_AR\" \/>\n<meta property=\"og:type\" content=\"article\" \/>\n<meta property=\"og:title\" content=\"Kurumsal - Yeni Nesil Agro \u00ae\" \/>\n<meta property=\"og:description\" content=\"Bereket Topraktan, Lezzet YEN\u0130 NES\u0130L &hellip; Kurumsal \u0627\u0642\u0631\u0623 \u0627\u0644\u0645\u0632\u064a\u062f \u00bb\" \/>\n<meta property=\"og:url\" content=\"https:\/\/yeninesilagro.com\/ar\/kurumsal\/\" \/>\n<meta property=\"og:site_name\" content=\"Yeni Nesil Agro \u00ae\" \/>\n<meta property=\"article:modified_time\" content=\"2022-07-20T12:36:23+00:00\" \/>\n<meta name=\"author\" content=\"uygarakademi\" \/>\n<meta name=\"twitter:card\" content=\"summary_large_image\" \/>\n<meta name=\"twitter:label1\" content=\"\u0648\u0642\u062a \u0627\u0644\u0642\u0631\u0627\u0621\u0629 \u0627\u0644\u0645\u064f\u0642\u062f\u0651\u0631\" \/>\n\t<meta name=\"twitter:data1\" content=\"\u062f\u0642\u064a\u0642\u0629 \u0648\u0627\u062d\u062f\u0629\" \/>\n<script type=\"application\/ld+json\" class=\"yoast-schema-graph\">{\"@context\":\"https:\/\/schema.org\",\"@graph\":[{\"@type\":\"Organization\",\"@id\":\"https:\/\/yeninesilagro.com\/#organization\",\"name\":\"Bay\u0131rd\u00fcz Otomatik Kap\u0131 Sistemleri\",\"url\":\"https:\/\/yeninesilagro.com\/\",\"sameAs\":[],\"logo\":{\"@type\":\"ImageObject\",\"inLanguage\":\"ar\",\"@id\":\"https:\/\/yeninesilagro.com\/#\/schema\/logo\/image\/\",\"url\":\"\",\"contentUrl\":\"\",\"caption\":\"Bay\u0131rd\u00fcz Otomatik Kap\u0131 Sistemleri\"},\"image\":{\"@id\":\"https:\/\/yeninesilagro.com\/#\/schema\/logo\/image\/\"}},{\"@type\":\"WebSite\",\"@id\":\"https:\/\/yeninesilagro.com\/#website\",\"url\":\"https:\/\/yeninesilagro.com\/\",\"name\":\"Yeni Nesil Agro \u00ae\",\"description\":\"Daha sa\u011fl\u0131kl\u0131 bir nesil in\u015fa etmek i\u00e7in \",\"publisher\":{\"@id\":\"https:\/\/yeninesilagro.com\/#organization\"},\"potentialAction\":[{\"@type\":\"SearchAction\",\"target\":{\"@type\":\"EntryPoint\",\"urlTemplate\":\"https:\/\/yeninesilagro.com\/?s={search_term_string}\"},\"query-input\":\"required name=search_term_string\"}],\"inLanguage\":\"ar\"},{\"@type\":\"WebPage\",\"@id\":\"https:\/\/yeninesilagro.com\/kurumsal#webpage\",\"url\":\"https:\/\/yeninesilagro.com\/kurumsal\",\"name\":\"Kurumsal - Yeni Nesil Agro \u00ae\",\"isPartOf\":{\"@id\":\"https:\/\/yeninesilagro.com\/#website\"},\"datePublished\":\"2022-07-06T12:00:33+00:00\",\"dateModified\":\"2022-07-20T12:36:23+00:00\",\"breadcrumb\":{\"@id\":\"https:\/\/yeninesilagro.com\/kurumsal#breadcrumb\"},\"inLanguage\":\"ar\",\"potentialAction\":[{\"@type\":\"ReadAction\",\"target\":[\"https:\/\/yeninesilagro.com\/kurumsal\"]}]},{\"@type\":\"BreadcrumbList\",\"@id\":\"https:\/\/yeninesilagro.com\/kurumsal#breadcrumb\",\"itemListElement\":[{\"@type\":\"ListItem\",\"position\":1,\"name\":\"Anasayfa\",\"item\":\"https:\/\/yeninesilagro.com\/\"},{\"@type\":\"ListItem\",\"position\":2,\"name\":\"Kurumsal\"}]}]}<\/script>\n<!-- \/ Yoast SEO plugin. -->","yoast_head_json":{"title":"Kurumsal - Yeni Nesil Agro \u00ae","robots":{"index":"index","follow":"follow","max-snippet":"max-snippet:-1","max-image-preview":"max-image-preview:large","max-video-preview":"max-video-preview:-1"},"canonical":"https:\/\/yeninesilagro.com\/ar\/kurumsal\/","og_locale":"ar_AR","og_type":"article","og_title":"Kurumsal - Yeni Nesil Agro \u00ae","og_description":"Bereket Topraktan, Lezzet YEN\u0130 NES\u0130L &hellip; Kurumsal \u0627\u0642\u0631\u0623 \u0627\u0644\u0645\u0632\u064a\u062f \u00bb","og_url":"https:\/\/yeninesilagro.com\/ar\/kurumsal\/","og_site_name":"Yeni Nesil Agro \u00ae","article_modified_time":"2022-07-20T12:36:23+00:00","author":"uygarakademi","twitter_card":"summary_large_image","twitter_misc":{"\u0648\u0642\u062a \u0627\u0644\u0642\u0631\u0627\u0621\u0629 \u0627\u0644\u0645\u064f\u0642\u062f\u0651\u0631":"\u062f\u0642\u064a\u0642\u0629 \u0648\u0627\u062d\u062f\u0629"},"schema":{"@context":"https:\/\/schema.org","@graph":[{"@type":"Organization","@id":"https:\/\/yeninesilagro.com\/#organization","name":"Bay\u0131rd\u00fcz Otomatik Kap\u0131 Sistemleri","url":"https:\/\/yeninesilagro.com\/","sameAs":[],"logo":{"@type":"ImageObject","inLanguage":"ar","@id":"https:\/\/yeninesilagro.com\/#\/schema\/logo\/image\/","url":"","contentUrl":"","caption":"Bay\u0131rd\u00fcz Otomatik Kap\u0131 Sistemleri"},"image":{"@id":"https:\/\/yeninesilagro.com\/#\/schema\/logo\/image\/"}},{"@type":"WebSite","@id":"https:\/\/yeninesilagro.com\/#website","url":"https:\/\/yeninesilagro.com\/","name":"Yeni Nesil Agro \u00ae","description":"Daha sa\u011fl\u0131kl\u0131 bir nesil in\u015fa etmek i\u00e7in ","publisher":{"@id":"https:\/\/yeninesilagro.com\/#organization"},"potentialAction":[{"@type":"SearchAction","target":{"@type":"EntryPoint","urlTemplate":"https:\/\/yeninesilagro.com\/?s={search_term_string}"},"query-input":"required name=search_term_string"}],"inLanguage":"ar"},{"@type":"WebPage","@id":"https:\/\/yeninesilagro.com\/kurumsal#webpage","url":"https:\/\/yeninesilagro.com\/kurumsal","name":"Kurumsal - Yeni Nesil Agro \u00ae","isPartOf":{"@id":"https:\/\/yeninesilagro.com\/#website"},"datePublished":"2022-07-06T12:00:33+00:00","dateModified":"2022-07-20T12:36:23+00:00","breadcrumb":{"@id":"https:\/\/yeninesilagro.com\/kurumsal#breadcrumb"},"inLanguage":"ar","potentialAction":[{"@type":"ReadAction","target":["https:\/\/yeninesilagro.com\/kurumsal"]}]},{"@type":"BreadcrumbList","@id":"https:\/\/yeninesilagro.com\/kurumsal#breadcrumb","itemListElement":[{"@type":"ListItem","position":1,"name":"Anasayfa","item":"https:\/\/yeninesilagro.com\/"},{"@type":"ListItem","position":2,"name":"Kurumsal"}]}]}},"_links":{"self":[{"href":"https:\/\/yeninesilagro.com\/ar\/wp-json\/wp\/v2\/pages\/1203","targetHints":{"allow":["GET"]}}],"collection":[{"href":"https:\/\/yeninesilagro.com\/ar\/wp-json\/wp\/v2\/pages"}],"about":[{"href":"https:\/\/yeninesilagro.com\/ar\/wp-json\/wp\/v2\/types\/page"}],"author":[{"embeddable":true,"href":"https:\/\/yeninesilagro.com\/ar\/wp-json\/wp\/v2\/users\/4"}],"replies":[{"embeddable":true,"href":"https:\/\/yeninesilagro.com\/ar\/wp-json\/wp\/v2\/comments?post=1203"}],"version-history":[{"count":5,"href":"https:\/\/yeninesilagro.com\/ar\/wp-json\/wp\/v2\/pages\/1203\/revisions"}],"predecessor-version":[{"id":1590,"href":"https:\/\/yeninesilagro.com\/ar\/wp-json\/wp\/v2\/pages\/1203\/revisions\/1590"}],"wp:attachment":[{"href":"https:\/\/yeninesilagro.com\/ar\/wp-json\/wp\/v2\/media?parent=1203"}],"curies":[{"name":"wp","href":"https:\/\/api.w.org\/{rel}","templated":true}]}}