{"id":1254,"date":"2022-07-06T19:37:18","date_gmt":"2022-07-06T19:37:18","guid":{"rendered":"https:\/\/yeninesilagro.com\/?page_id=1254"},"modified":"2024-07-09T13:15:34","modified_gmt":"2024-07-09T13:15:34","slug":"bigbag-ambalaj","status":"publish","type":"page","link":"https:\/\/yeninesilagro.com\/ar\/urunlerimiz\/bigbag-ambalaj","title":{"rendered":"\u0639\u0628\u0648\u0627\u062a \u0628\u064a\u062c \u0628\u0627\u062c"},"content":{"rendered":"<h2>\n\t\t\u0633\u064a\u062a\u0645 \u062a\u062d\u062f\u064a\u062b\u0647\u0627.\n\t<\/h2>","protected":false},"excerpt":{"rendered":"<p>\u0633\u064a\u062a\u0645 \u062a\u062d\u062f\u064a\u062b\u0647\u0627.<\/p>","protected":false},"author":4,"featured_media":0,"parent":704,"menu_order":0,"comment_status":"closed","ping_status":"closed","template":"","meta":{"site-sidebar-layout":"default","site-content-layout":"default","ast-global-header-display":"","ast-banner-title-visibility":"","ast-main-header-display":"","ast-hfb-above-header-display":"","ast-hfb-below-header-display":"","ast-hfb-mobile-header-display":"","site-post-title":"disabled","ast-breadcrumbs-content":"","ast-featured-img":"disabled","footer-sml-layout":"","theme-transparent-header-meta":"default","adv-header-id-meta":"","stick-header-meta":"default","header-above-stick-meta":"","header-main-stick-meta":"","header-below-stick-meta":"","footnotes":""},"class_list":["post-1254","page","type-page","status-publish","hentry"],"yoast_head":"<!-- This site is optimized with the Yoast SEO plugin v19.2 - https:\/\/yoast.com\/wordpress\/plugins\/seo\/ -->\n<title>Bigbag Ambalaj - Yeni Nesil Agro \u00ae<\/title>\n<meta name=\"robots\" content=\"index, follow, max-snippet:-1, max-image-preview:large, max-video-preview:-1\" \/>\n<link rel=\"canonical\" href=\"https:\/\/yeninesilagro.com\/ar\/urunlerimiz\/bigbag-ambalaj\/\" \/>\n<meta property=\"og:locale\" content=\"ar_AR\" \/>\n<meta property=\"og:type\" content=\"article\" \/>\n<meta property=\"og:title\" content=\"Bigbag Ambalaj - Yeni Nesil Agro \u00ae\" \/>\n<meta property=\"og:description\" content=\"G\u00fcncellenecektir.\" \/>\n<meta property=\"og:url\" content=\"https:\/\/yeninesilagro.com\/ar\/urunlerimiz\/bigbag-ambalaj\/\" \/>\n<meta property=\"og:site_name\" content=\"Yeni Nesil Agro \u00ae\" \/>\n<meta property=\"article:modified_time\" content=\"2024-07-09T13:15:34+00:00\" \/>\n<meta property=\"og:image\" content=\"https:\/\/yeninesilagro.com\/wp-content\/uploads\/2022\/07\/BIGBAG-Ambalaj-103997-1.png\" \/>\n\t<meta property=\"og:image:width\" content=\"1134\" \/>\n\t<meta property=\"og:image:height\" content=\"1134\" \/>\n\t<meta property=\"og:image:type\" content=\"image\/png\" \/>\n<meta name=\"author\" content=\"uygarakademi\" \/>\n<meta name=\"twitter:card\" content=\"summary_large_image\" \/>\n<meta name=\"twitter:label1\" content=\"\u0648\u0642\u062a \u0627\u0644\u0642\u0631\u0627\u0621\u0629 \u0627\u0644\u0645\u064f\u0642\u062f\u0651\u0631\" \/>\n\t<meta name=\"twitter:data1\" content=\"\u062f\u0642\u064a\u0642\u0629 \u0648\u0627\u062d\u062f\u0629\" \/>\n<script type=\"application\/ld+json\" class=\"yoast-schema-graph\">{\"@context\":\"https:\/\/schema.org\",\"@graph\":[{\"@type\":\"Organization\",\"@id\":\"https:\/\/yeninesilagro.com\/#organization\",\"name\":\"Bay\u0131rd\u00fcz Otomatik Kap\u0131 Sistemleri\",\"url\":\"https:\/\/yeninesilagro.com\/\",\"sameAs\":[],\"logo\":{\"@type\":\"ImageObject\",\"inLanguage\":\"ar\",\"@id\":\"https:\/\/yeninesilagro.com\/#\/schema\/logo\/image\/\",\"url\":\"\",\"contentUrl\":\"\",\"caption\":\"Bay\u0131rd\u00fcz Otomatik Kap\u0131 Sistemleri\"},\"image\":{\"@id\":\"https:\/\/yeninesilagro.com\/#\/schema\/logo\/image\/\"}},{\"@type\":\"WebSite\",\"@id\":\"https:\/\/yeninesilagro.com\/#website\",\"url\":\"https:\/\/yeninesilagro.com\/\",\"name\":\"Yeni Nesil Agro \u00ae\",\"description\":\"Daha sa\u011fl\u0131kl\u0131 bir nesil in\u015fa etmek i\u00e7in \",\"publisher\":{\"@id\":\"https:\/\/yeninesilagro.com\/#organization\"},\"potentialAction\":[{\"@type\":\"SearchAction\",\"target\":{\"@type\":\"EntryPoint\",\"urlTemplate\":\"https:\/\/yeninesilagro.com\/?s={search_term_string}\"},\"query-input\":\"required name=search_term_string\"}],\"inLanguage\":\"ar\"},{\"@type\":\"WebPage\",\"@id\":\"https:\/\/yeninesilagro.com\/urunlerimiz\/bigbag-ambalaj#webpage\",\"url\":\"https:\/\/yeninesilagro.com\/urunlerimiz\/bigbag-ambalaj\",\"name\":\"Bigbag Ambalaj - Yeni Nesil Agro \u00ae\",\"isPartOf\":{\"@id\":\"https:\/\/yeninesilagro.com\/#website\"},\"datePublished\":\"2022-07-06T19:37:18+00:00\",\"dateModified\":\"2024-07-09T13:15:34+00:00\",\"breadcrumb\":{\"@id\":\"https:\/\/yeninesilagro.com\/urunlerimiz\/bigbag-ambalaj#breadcrumb\"},\"inLanguage\":\"ar\",\"potentialAction\":[{\"@type\":\"ReadAction\",\"target\":[\"https:\/\/yeninesilagro.com\/urunlerimiz\/bigbag-ambalaj\"]}]},{\"@type\":\"BreadcrumbList\",\"@id\":\"https:\/\/yeninesilagro.com\/urunlerimiz\/bigbag-ambalaj#breadcrumb\",\"itemListElement\":[{\"@type\":\"ListItem\",\"position\":1,\"name\":\"Anasayfa\",\"item\":\"https:\/\/yeninesilagro.com\/\"},{\"@type\":\"ListItem\",\"position\":2,\"name\":\"\u00dcr\u00fcnlerimiz\",\"item\":\"https:\/\/yeninesilagro.com\/urunlerimiz\"},{\"@type\":\"ListItem\",\"position\":3,\"name\":\"Bigbag Ambalaj\"}]}]}<\/script>\n<!-- \/ Yoast SEO plugin. -->","yoast_head_json":{"title":"Bigbag Ambalaj - Yeni Nesil Agro \u00ae","robots":{"index":"index","follow":"follow","max-snippet":"max-snippet:-1","max-image-preview":"max-image-preview:large","max-video-preview":"max-video-preview:-1"},"canonical":"https:\/\/yeninesilagro.com\/ar\/urunlerimiz\/bigbag-ambalaj\/","og_locale":"ar_AR","og_type":"article","og_title":"Bigbag Ambalaj - Yeni Nesil Agro \u00ae","og_description":"G\u00fcncellenecektir.","og_url":"https:\/\/yeninesilagro.com\/ar\/urunlerimiz\/bigbag-ambalaj\/","og_site_name":"Yeni Nesil Agro \u00ae","article_modified_time":"2024-07-09T13:15:34+00:00","og_image":[{"width":1134,"height":1134,"url":"https:\/\/yeninesilagro.com\/wp-content\/uploads\/2022\/07\/BIGBAG-Ambalaj-103997-1.png","type":"image\/png"}],"author":"uygarakademi","twitter_card":"summary_large_image","twitter_misc":{"\u0648\u0642\u062a \u0627\u0644\u0642\u0631\u0627\u0621\u0629 \u0627\u0644\u0645\u064f\u0642\u062f\u0651\u0631":"\u062f\u0642\u064a\u0642\u0629 \u0648\u0627\u062d\u062f\u0629"},"schema":{"@context":"https:\/\/schema.org","@graph":[{"@type":"Organization","@id":"https:\/\/yeninesilagro.com\/#organization","name":"Bay\u0131rd\u00fcz Otomatik Kap\u0131 Sistemleri","url":"https:\/\/yeninesilagro.com\/","sameAs":[],"logo":{"@type":"ImageObject","inLanguage":"ar","@id":"https:\/\/yeninesilagro.com\/#\/schema\/logo\/image\/","url":"","contentUrl":"","caption":"Bay\u0131rd\u00fcz Otomatik Kap\u0131 Sistemleri"},"image":{"@id":"https:\/\/yeninesilagro.com\/#\/schema\/logo\/image\/"}},{"@type":"WebSite","@id":"https:\/\/yeninesilagro.com\/#website","url":"https:\/\/yeninesilagro.com\/","name":"Yeni Nesil Agro \u00ae","description":"Daha sa\u011fl\u0131kl\u0131 bir nesil in\u015fa etmek i\u00e7in ","publisher":{"@id":"https:\/\/yeninesilagro.com\/#organization"},"potentialAction":[{"@type":"SearchAction","target":{"@type":"EntryPoint","urlTemplate":"https:\/\/yeninesilagro.com\/?s={search_term_string}"},"query-input":"required name=search_term_string"}],"inLanguage":"ar"},{"@type":"WebPage","@id":"https:\/\/yeninesilagro.com\/urunlerimiz\/bigbag-ambalaj#webpage","url":"https:\/\/yeninesilagro.com\/urunlerimiz\/bigbag-ambalaj","name":"Bigbag Ambalaj - Yeni Nesil Agro \u00ae","isPartOf":{"@id":"https:\/\/yeninesilagro.com\/#website"},"datePublished":"2022-07-06T19:37:18+00:00","dateModified":"2024-07-09T13:15:34+00:00","breadcrumb":{"@id":"https:\/\/yeninesilagro.com\/urunlerimiz\/bigbag-ambalaj#breadcrumb"},"inLanguage":"ar","potentialAction":[{"@type":"ReadAction","target":["https:\/\/yeninesilagro.com\/urunlerimiz\/bigbag-ambalaj"]}]},{"@type":"BreadcrumbList","@id":"https:\/\/yeninesilagro.com\/urunlerimiz\/bigbag-ambalaj#breadcrumb","itemListElement":[{"@type":"ListItem","position":1,"name":"Anasayfa","item":"https:\/\/yeninesilagro.com\/"},{"@type":"ListItem","position":2,"name":"\u00dcr\u00fcnlerimiz","item":"https:\/\/yeninesilagro.com\/urunlerimiz"},{"@type":"ListItem","position":3,"name":"Bigbag Ambalaj"}]}]}},"_links":{"self":[{"href":"https:\/\/yeninesilagro.com\/ar\/wp-json\/wp\/v2\/pages\/1254","targetHints":{"allow":["GET"]}}],"collection":[{"href":"https:\/\/yeninesilagro.com\/ar\/wp-json\/wp\/v2\/pages"}],"about":[{"href":"https:\/\/yeninesilagro.com\/ar\/wp-json\/wp\/v2\/types\/page"}],"author":[{"embeddable":true,"href":"https:\/\/yeninesilagro.com\/ar\/wp-json\/wp\/v2\/users\/4"}],"replies":[{"embeddable":true,"href":"https:\/\/yeninesilagro.com\/ar\/wp-json\/wp\/v2\/comments?post=1254"}],"version-history":[{"count":2,"href":"https:\/\/yeninesilagro.com\/ar\/wp-json\/wp\/v2\/pages\/1254\/revisions"}],"predecessor-version":[{"id":1984,"href":"https:\/\/yeninesilagro.com\/ar\/wp-json\/wp\/v2\/pages\/1254\/revisions\/1984"}],"up":[{"embeddable":true,"href":"https:\/\/yeninesilagro.com\/ar\/wp-json\/wp\/v2\/pages\/704"}],"wp:attachment":[{"href":"https:\/\/yeninesilagro.com\/ar\/wp-json\/wp\/v2\/media?parent=1254"}],"curies":[{"name":"wp","href":"https:\/\/api.w.org\/{rel}","templated":true}]}}