{"id":217,"date":"2022-06-22T15:57:43","date_gmt":"2022-06-22T15:57:43","guid":{"rendered":"https:\/\/yeninesilagro.com\/?page_id=217"},"modified":"2022-07-01T13:29:51","modified_gmt":"2022-07-01T13:29:51","slug":"insan-kaynaklari","status":"publish","type":"page","link":"https:\/\/yeninesilagro.com\/ar\/insan-kaynaklari","title":{"rendered":"\u0130nsan Kaynaklar\u0131"},"content":{"rendered":"","protected":false},"excerpt":{"rendered":"","protected":false},"author":4,"featured_media":0,"parent":0,"menu_order":0,"comment_status":"closed","ping_status":"closed","template":"","meta":{"site-sidebar-layout":"default","site-content-layout":"default","ast-global-header-display":"","ast-banner-title-visibility":"","ast-main-header-display":"","ast-hfb-above-header-display":"","ast-hfb-below-header-display":"","ast-hfb-mobile-header-display":"","site-post-title":"disabled","ast-breadcrumbs-content":"","ast-featured-img":"","footer-sml-layout":"","theme-transparent-header-meta":"default","adv-header-id-meta":"","stick-header-meta":"default","header-above-stick-meta":"","header-main-stick-meta":"","header-below-stick-meta":"","footnotes":""},"class_list":["post-217","page","type-page","status-publish","hentry"],"yoast_head":"<!-- This site is optimized with the Yoast SEO plugin v19.2 - https:\/\/yoast.com\/wordpress\/plugins\/seo\/ -->\n<title>\u0130nsan Kaynaklar\u0131 - Yeni Nesil Agro \u00ae<\/title>\n<meta name=\"robots\" content=\"index, follow, max-snippet:-1, max-image-preview:large, max-video-preview:-1\" \/>\n<link rel=\"canonical\" href=\"https:\/\/yeninesilagro.com\/ar\/insan-kaynaklari\/\" \/>\n<meta property=\"og:locale\" content=\"ar_AR\" \/>\n<meta property=\"og:type\" content=\"article\" \/>\n<meta property=\"og:title\" content=\"\u0130nsan Kaynaklar\u0131 - Yeni Nesil Agro \u00ae\" \/>\n<meta property=\"og:url\" content=\"https:\/\/yeninesilagro.com\/ar\/insan-kaynaklari\/\" \/>\n<meta property=\"og:site_name\" content=\"Yeni Nesil Agro \u00ae\" \/>\n<meta property=\"article:modified_time\" content=\"2022-07-01T13:29:51+00:00\" \/>\n<meta name=\"author\" content=\"uygarakademi\" \/>\n<meta name=\"twitter:card\" content=\"summary_large_image\" \/>\n<script type=\"application\/ld+json\" class=\"yoast-schema-graph\">{\"@context\":\"https:\/\/schema.org\",\"@graph\":[{\"@type\":\"Organization\",\"@id\":\"https:\/\/yeninesilagro.com\/#organization\",\"name\":\"Bay\u0131rd\u00fcz Otomatik Kap\u0131 Sistemleri\",\"url\":\"https:\/\/yeninesilagro.com\/\",\"sameAs\":[],\"logo\":{\"@type\":\"ImageObject\",\"inLanguage\":\"ar\",\"@id\":\"https:\/\/yeninesilagro.com\/#\/schema\/logo\/image\/\",\"url\":\"\",\"contentUrl\":\"\",\"caption\":\"Bay\u0131rd\u00fcz Otomatik Kap\u0131 Sistemleri\"},\"image\":{\"@id\":\"https:\/\/yeninesilagro.com\/#\/schema\/logo\/image\/\"}},{\"@type\":\"WebSite\",\"@id\":\"https:\/\/yeninesilagro.com\/#website\",\"url\":\"https:\/\/yeninesilagro.com\/\",\"name\":\"Yeni Nesil Agro \u00ae\",\"description\":\"Daha sa\u011fl\u0131kl\u0131 bir nesil in\u015fa etmek i\u00e7in \",\"publisher\":{\"@id\":\"https:\/\/yeninesilagro.com\/#organization\"},\"potentialAction\":[{\"@type\":\"SearchAction\",\"target\":{\"@type\":\"EntryPoint\",\"urlTemplate\":\"https:\/\/yeninesilagro.com\/?s={search_term_string}\"},\"query-input\":\"required name=search_term_string\"}],\"inLanguage\":\"ar\"},{\"@type\":\"WebPage\",\"@id\":\"https:\/\/yeninesilagro.com\/insan-kaynaklari#webpage\",\"url\":\"https:\/\/yeninesilagro.com\/insan-kaynaklari\",\"name\":\"\u0130nsan Kaynaklar\u0131 - Yeni Nesil Agro \u00ae\",\"isPartOf\":{\"@id\":\"https:\/\/yeninesilagro.com\/#website\"},\"datePublished\":\"2022-06-22T15:57:43+00:00\",\"dateModified\":\"2022-07-01T13:29:51+00:00\",\"breadcrumb\":{\"@id\":\"https:\/\/yeninesilagro.com\/insan-kaynaklari#breadcrumb\"},\"inLanguage\":\"ar\",\"potentialAction\":[{\"@type\":\"ReadAction\",\"target\":[\"https:\/\/yeninesilagro.com\/insan-kaynaklari\"]}]},{\"@type\":\"BreadcrumbList\",\"@id\":\"https:\/\/yeninesilagro.com\/insan-kaynaklari#breadcrumb\",\"itemListElement\":[{\"@type\":\"ListItem\",\"position\":1,\"name\":\"Anasayfa\",\"item\":\"https:\/\/yeninesilagro.com\/\"},{\"@type\":\"ListItem\",\"position\":2,\"name\":\"\u0130nsan Kaynaklar\u0131\"}]}]}<\/script>\n<!-- \/ Yoast SEO plugin. -->","yoast_head_json":{"title":"\u0130nsan Kaynaklar\u0131 - Yeni Nesil Agro \u00ae","robots":{"index":"index","follow":"follow","max-snippet":"max-snippet:-1","max-image-preview":"max-image-preview:large","max-video-preview":"max-video-preview:-1"},"canonical":"https:\/\/yeninesilagro.com\/ar\/insan-kaynaklari\/","og_locale":"ar_AR","og_type":"article","og_title":"\u0130nsan Kaynaklar\u0131 - Yeni Nesil Agro \u00ae","og_url":"https:\/\/yeninesilagro.com\/ar\/insan-kaynaklari\/","og_site_name":"Yeni Nesil Agro \u00ae","article_modified_time":"2022-07-01T13:29:51+00:00","author":"uygarakademi","twitter_card":"summary_large_image","schema":{"@context":"https:\/\/schema.org","@graph":[{"@type":"Organization","@id":"https:\/\/yeninesilagro.com\/#organization","name":"Bay\u0131rd\u00fcz Otomatik Kap\u0131 Sistemleri","url":"https:\/\/yeninesilagro.com\/","sameAs":[],"logo":{"@type":"ImageObject","inLanguage":"ar","@id":"https:\/\/yeninesilagro.com\/#\/schema\/logo\/image\/","url":"","contentUrl":"","caption":"Bay\u0131rd\u00fcz Otomatik Kap\u0131 Sistemleri"},"image":{"@id":"https:\/\/yeninesilagro.com\/#\/schema\/logo\/image\/"}},{"@type":"WebSite","@id":"https:\/\/yeninesilagro.com\/#website","url":"https:\/\/yeninesilagro.com\/","name":"Yeni Nesil Agro \u00ae","description":"Daha sa\u011fl\u0131kl\u0131 bir nesil in\u015fa etmek i\u00e7in ","publisher":{"@id":"https:\/\/yeninesilagro.com\/#organization"},"potentialAction":[{"@type":"SearchAction","target":{"@type":"EntryPoint","urlTemplate":"https:\/\/yeninesilagro.com\/?s={search_term_string}"},"query-input":"required name=search_term_string"}],"inLanguage":"ar"},{"@type":"WebPage","@id":"https:\/\/yeninesilagro.com\/insan-kaynaklari#webpage","url":"https:\/\/yeninesilagro.com\/insan-kaynaklari","name":"\u0130nsan Kaynaklar\u0131 - Yeni Nesil Agro \u00ae","isPartOf":{"@id":"https:\/\/yeninesilagro.com\/#website"},"datePublished":"2022-06-22T15:57:43+00:00","dateModified":"2022-07-01T13:29:51+00:00","breadcrumb":{"@id":"https:\/\/yeninesilagro.com\/insan-kaynaklari#breadcrumb"},"inLanguage":"ar","potentialAction":[{"@type":"ReadAction","target":["https:\/\/yeninesilagro.com\/insan-kaynaklari"]}]},{"@type":"BreadcrumbList","@id":"https:\/\/yeninesilagro.com\/insan-kaynaklari#breadcrumb","itemListElement":[{"@type":"ListItem","position":1,"name":"Anasayfa","item":"https:\/\/yeninesilagro.com\/"},{"@type":"ListItem","position":2,"name":"\u0130nsan Kaynaklar\u0131"}]}]}},"_links":{"self":[{"href":"https:\/\/yeninesilagro.com\/ar\/wp-json\/wp\/v2\/pages\/217","targetHints":{"allow":["GET"]}}],"collection":[{"href":"https:\/\/yeninesilagro.com\/ar\/wp-json\/wp\/v2\/pages"}],"about":[{"href":"https:\/\/yeninesilagro.com\/ar\/wp-json\/wp\/v2\/types\/page"}],"author":[{"embeddable":true,"href":"https:\/\/yeninesilagro.com\/ar\/wp-json\/wp\/v2\/users\/4"}],"replies":[{"embeddable":true,"href":"https:\/\/yeninesilagro.com\/ar\/wp-json\/wp\/v2\/comments?post=217"}],"version-history":[{"count":7,"href":"https:\/\/yeninesilagro.com\/ar\/wp-json\/wp\/v2\/pages\/217\/revisions"}],"predecessor-version":[{"id":770,"href":"https:\/\/yeninesilagro.com\/ar\/wp-json\/wp\/v2\/pages\/217\/revisions\/770"}],"wp:attachment":[{"href":"https:\/\/yeninesilagro.com\/ar\/wp-json\/wp\/v2\/media?parent=217"}],"curies":[{"name":"wp","href":"https:\/\/api.w.org\/{rel}","templated":true}]}}