{"id":704,"date":"2022-06-30T20:00:58","date_gmt":"2022-06-30T20:00:58","guid":{"rendered":"https:\/\/yeninesilagro.com\/?page_id=704"},"modified":"2024-07-09T14:01:20","modified_gmt":"2024-07-09T14:01:20","slug":"urunlerimiz","status":"publish","type":"page","link":"https:\/\/yeninesilagro.com\/ar\/urunlerimiz","title":{"rendered":"\u0645\u0646\u062a\u062c\u0627\u062a\u0646\u0627"},"content":{"rendered":"<h2>\n\t\t\u0627\u0644\u0645\u0646\u062a\u062c <br \/> \u0645\u062c\u0645\u0648\u0639\u0627\u062a\u0646\u0627\n\t<\/h2>\n\t\t\t\t<a href=\"https:\/\/yeninesilagro.com\/ar\/urunlerimiz\/cuval-ambalaj\/\" target=\"_self\" itemprop=\"url\" rel=\"noopener\">\n\t\t\t\t<img decoding=\"async\" src=\"https:\/\/yeninesilagro.com\/wp-content\/uploads\/2024\/07\/Yeni-Nesil-Agro-Banner2-01-scaled.jpg\" alt=\"Yeni Nesil Agro Banner-01\" title=\"Yeni Nesil Agro Banner-01\" itemprop=\"image\"  \/>\n\t\t\t\t\t\t<\/a>\n\t\t\t\t<a href=\"https:\/\/yeninesilagro.com\/ar\/urunlerimiz\/bigbag-ambalaj\/\" target=\"_self\" itemprop=\"url\" rel=\"noopener\">\n\t\t\t\t<img decoding=\"async\" src=\"https:\/\/yeninesilagro.com\/wp-content\/uploads\/2024\/07\/Yeni-Nesil-Agro-Banner2-02.jpg\" alt=\"222\" title=\"222\" itemprop=\"image\"  \/>\n\t\t\t\t\t\t<\/a>","protected":false},"excerpt":{"rendered":"<p>\u00dcr\u00fcn Gruplar\u0131m\u0131z<\/p>","protected":false},"author":4,"featured_media":0,"parent":0,"menu_order":0,"comment_status":"closed","ping_status":"closed","template":"","meta":{"site-sidebar-layout":"default","site-content-layout":"default","ast-global-header-display":"","ast-banner-title-visibility":"","ast-main-header-display":"","ast-hfb-above-header-display":"","ast-hfb-below-header-display":"","ast-hfb-mobile-header-display":"","site-post-title":"disabled","ast-breadcrumbs-content":"","ast-featured-img":"","footer-sml-layout":"","theme-transparent-header-meta":"default","adv-header-id-meta":"","stick-header-meta":"default","header-above-stick-meta":"","header-main-stick-meta":"","header-below-stick-meta":"","footnotes":""},"class_list":["post-704","page","type-page","status-publish","hentry"],"yoast_head":"<!-- This site is optimized with the Yoast SEO plugin v19.2 - https:\/\/yoast.com\/wordpress\/plugins\/seo\/ -->\n<title>\u00dcr\u00fcnlerimiz - Yeni Nesil Agro \u00ae<\/title>\n<meta name=\"robots\" content=\"index, follow, max-snippet:-1, max-image-preview:large, max-video-preview:-1\" \/>\n<link rel=\"canonical\" href=\"https:\/\/yeninesilagro.com\/ar\/urunlerimiz\/\" \/>\n<meta property=\"og:locale\" content=\"ar_AR\" \/>\n<meta property=\"og:type\" content=\"article\" \/>\n<meta property=\"og:title\" content=\"\u00dcr\u00fcnlerimiz - Yeni Nesil Agro \u00ae\" \/>\n<meta property=\"og:description\" content=\"\u00dcr\u00fcn Gruplar\u0131m\u0131z\" \/>\n<meta property=\"og:url\" content=\"https:\/\/yeninesilagro.com\/ar\/urunlerimiz\/\" \/>\n<meta property=\"og:site_name\" content=\"Yeni Nesil Agro \u00ae\" \/>\n<meta property=\"article:modified_time\" content=\"2024-07-09T14:01:20+00:00\" \/>\n<meta property=\"og:image\" content=\"https:\/\/yeninesilagro.com\/wp-content\/uploads\/2024\/07\/Yeni-Nesil-Agro-Banner-01-scaled.jpg\" \/>\n<meta name=\"author\" content=\"uygarakademi\" \/>\n<meta name=\"twitter:card\" content=\"summary_large_image\" \/>\n<script type=\"application\/ld+json\" class=\"yoast-schema-graph\">{\"@context\":\"https:\/\/schema.org\",\"@graph\":[{\"@type\":\"Organization\",\"@id\":\"https:\/\/yeninesilagro.com\/#organization\",\"name\":\"Bay\u0131rd\u00fcz Otomatik Kap\u0131 Sistemleri\",\"url\":\"https:\/\/yeninesilagro.com\/\",\"sameAs\":[],\"logo\":{\"@type\":\"ImageObject\",\"inLanguage\":\"ar\",\"@id\":\"https:\/\/yeninesilagro.com\/#\/schema\/logo\/image\/\",\"url\":\"\",\"contentUrl\":\"\",\"caption\":\"Bay\u0131rd\u00fcz Otomatik Kap\u0131 Sistemleri\"},\"image\":{\"@id\":\"https:\/\/yeninesilagro.com\/#\/schema\/logo\/image\/\"}},{\"@type\":\"WebSite\",\"@id\":\"https:\/\/yeninesilagro.com\/#website\",\"url\":\"https:\/\/yeninesilagro.com\/\",\"name\":\"Yeni Nesil Agro \u00ae\",\"description\":\"Daha sa\u011fl\u0131kl\u0131 bir nesil in\u015fa etmek i\u00e7in \",\"publisher\":{\"@id\":\"https:\/\/yeninesilagro.com\/#organization\"},\"potentialAction\":[{\"@type\":\"SearchAction\",\"target\":{\"@type\":\"EntryPoint\",\"urlTemplate\":\"https:\/\/yeninesilagro.com\/?s={search_term_string}\"},\"query-input\":\"required name=search_term_string\"}],\"inLanguage\":\"ar\"},{\"@type\":\"ImageObject\",\"inLanguage\":\"ar\",\"@id\":\"https:\/\/yeninesilagro.com\/urunlerimiz#primaryimage\",\"url\":\"https:\/\/yeninesilagro.com\/wp-content\/uploads\/2024\/07\/Yeni-Nesil-Agro-Banner-01-scaled.jpg\",\"contentUrl\":\"https:\/\/yeninesilagro.com\/wp-content\/uploads\/2024\/07\/Yeni-Nesil-Agro-Banner-01-scaled.jpg\",\"width\":2560,\"height\":753},{\"@type\":\"WebPage\",\"@id\":\"https:\/\/yeninesilagro.com\/urunlerimiz#webpage\",\"url\":\"https:\/\/yeninesilagro.com\/urunlerimiz\",\"name\":\"\u00dcr\u00fcnlerimiz - Yeni Nesil Agro \u00ae\",\"isPartOf\":{\"@id\":\"https:\/\/yeninesilagro.com\/#website\"},\"primaryImageOfPage\":{\"@id\":\"https:\/\/yeninesilagro.com\/urunlerimiz#primaryimage\"},\"datePublished\":\"2022-06-30T20:00:58+00:00\",\"dateModified\":\"2024-07-09T14:01:20+00:00\",\"breadcrumb\":{\"@id\":\"https:\/\/yeninesilagro.com\/urunlerimiz#breadcrumb\"},\"inLanguage\":\"ar\",\"potentialAction\":[{\"@type\":\"ReadAction\",\"target\":[\"https:\/\/yeninesilagro.com\/urunlerimiz\"]}]},{\"@type\":\"BreadcrumbList\",\"@id\":\"https:\/\/yeninesilagro.com\/urunlerimiz#breadcrumb\",\"itemListElement\":[{\"@type\":\"ListItem\",\"position\":1,\"name\":\"Anasayfa\",\"item\":\"https:\/\/yeninesilagro.com\/\"},{\"@type\":\"ListItem\",\"position\":2,\"name\":\"\u00dcr\u00fcnlerimiz\"}]}]}<\/script>\n<!-- \/ Yoast SEO plugin. -->","yoast_head_json":{"title":"\u00dcr\u00fcnlerimiz - Yeni Nesil Agro \u00ae","robots":{"index":"index","follow":"follow","max-snippet":"max-snippet:-1","max-image-preview":"max-image-preview:large","max-video-preview":"max-video-preview:-1"},"canonical":"https:\/\/yeninesilagro.com\/ar\/urunlerimiz\/","og_locale":"ar_AR","og_type":"article","og_title":"\u00dcr\u00fcnlerimiz - Yeni Nesil Agro \u00ae","og_description":"\u00dcr\u00fcn Gruplar\u0131m\u0131z","og_url":"https:\/\/yeninesilagro.com\/ar\/urunlerimiz\/","og_site_name":"Yeni Nesil Agro \u00ae","article_modified_time":"2024-07-09T14:01:20+00:00","og_image":[{"url":"https:\/\/yeninesilagro.com\/wp-content\/uploads\/2024\/07\/Yeni-Nesil-Agro-Banner-01-scaled.jpg"}],"author":"uygarakademi","twitter_card":"summary_large_image","schema":{"@context":"https:\/\/schema.org","@graph":[{"@type":"Organization","@id":"https:\/\/yeninesilagro.com\/#organization","name":"Bay\u0131rd\u00fcz Otomatik Kap\u0131 Sistemleri","url":"https:\/\/yeninesilagro.com\/","sameAs":[],"logo":{"@type":"ImageObject","inLanguage":"ar","@id":"https:\/\/yeninesilagro.com\/#\/schema\/logo\/image\/","url":"","contentUrl":"","caption":"Bay\u0131rd\u00fcz Otomatik Kap\u0131 Sistemleri"},"image":{"@id":"https:\/\/yeninesilagro.com\/#\/schema\/logo\/image\/"}},{"@type":"WebSite","@id":"https:\/\/yeninesilagro.com\/#website","url":"https:\/\/yeninesilagro.com\/","name":"Yeni Nesil Agro \u00ae","description":"Daha sa\u011fl\u0131kl\u0131 bir nesil in\u015fa etmek i\u00e7in ","publisher":{"@id":"https:\/\/yeninesilagro.com\/#organization"},"potentialAction":[{"@type":"SearchAction","target":{"@type":"EntryPoint","urlTemplate":"https:\/\/yeninesilagro.com\/?s={search_term_string}"},"query-input":"required name=search_term_string"}],"inLanguage":"ar"},{"@type":"ImageObject","inLanguage":"ar","@id":"https:\/\/yeninesilagro.com\/urunlerimiz#primaryimage","url":"https:\/\/yeninesilagro.com\/wp-content\/uploads\/2024\/07\/Yeni-Nesil-Agro-Banner-01-scaled.jpg","contentUrl":"https:\/\/yeninesilagro.com\/wp-content\/uploads\/2024\/07\/Yeni-Nesil-Agro-Banner-01-scaled.jpg","width":2560,"height":753},{"@type":"WebPage","@id":"https:\/\/yeninesilagro.com\/urunlerimiz#webpage","url":"https:\/\/yeninesilagro.com\/urunlerimiz","name":"\u00dcr\u00fcnlerimiz - Yeni Nesil Agro \u00ae","isPartOf":{"@id":"https:\/\/yeninesilagro.com\/#website"},"primaryImageOfPage":{"@id":"https:\/\/yeninesilagro.com\/urunlerimiz#primaryimage"},"datePublished":"2022-06-30T20:00:58+00:00","dateModified":"2024-07-09T14:01:20+00:00","breadcrumb":{"@id":"https:\/\/yeninesilagro.com\/urunlerimiz#breadcrumb"},"inLanguage":"ar","potentialAction":[{"@type":"ReadAction","target":["https:\/\/yeninesilagro.com\/urunlerimiz"]}]},{"@type":"BreadcrumbList","@id":"https:\/\/yeninesilagro.com\/urunlerimiz#breadcrumb","itemListElement":[{"@type":"ListItem","position":1,"name":"Anasayfa","item":"https:\/\/yeninesilagro.com\/"},{"@type":"ListItem","position":2,"name":"\u00dcr\u00fcnlerimiz"}]}]}},"_links":{"self":[{"href":"https:\/\/yeninesilagro.com\/ar\/wp-json\/wp\/v2\/pages\/704","targetHints":{"allow":["GET"]}}],"collection":[{"href":"https:\/\/yeninesilagro.com\/ar\/wp-json\/wp\/v2\/pages"}],"about":[{"href":"https:\/\/yeninesilagro.com\/ar\/wp-json\/wp\/v2\/types\/page"}],"author":[{"embeddable":true,"href":"https:\/\/yeninesilagro.com\/ar\/wp-json\/wp\/v2\/users\/4"}],"replies":[{"embeddable":true,"href":"https:\/\/yeninesilagro.com\/ar\/wp-json\/wp\/v2\/comments?post=704"}],"version-history":[{"count":14,"href":"https:\/\/yeninesilagro.com\/ar\/wp-json\/wp\/v2\/pages\/704\/revisions"}],"predecessor-version":[{"id":1991,"href":"https:\/\/yeninesilagro.com\/ar\/wp-json\/wp\/v2\/pages\/704\/revisions\/1991"}],"wp:attachment":[{"href":"https:\/\/yeninesilagro.com\/ar\/wp-json\/wp\/v2\/media?parent=704"}],"curies":[{"name":"wp","href":"https:\/\/api.w.org\/{rel}","templated":true}]}}