{"id":1203,"date":"2022-07-06T12:00:33","date_gmt":"2022-07-06T12:00:33","guid":{"rendered":"https:\/\/yeninesilagro.com\/?page_id=1203"},"modified":"2022-07-20T12:36:23","modified_gmt":"2022-07-20T12:36:23","slug":"kurumsal","status":"publish","type":"page","link":"https:\/\/yeninesilagro.com\/en\/kurumsal","title":{"rendered":"Corporate"},"content":{"rendered":"<p><b>Bereket Topraktan, Lezzet YEN\u0130 NES\u0130L AGRO&#8217;dan\u00a0<\/b>For years, we have decorated the tables with this slogan in the most natural and delicious way. We have worked meticulously in the difficult and arduous process from planting to packaging, and we have attached importance to health as much as taste.<\/p>\n<p>Daha sa\u011fl\u0131kl\u0131 bir nesil in\u015fa etmek i\u00e7in, temel g\u0131da kategorisinde topraktan sofraya, katma de\u011ferli \u00fcr\u00fcnler \u00fcreten, yenilik\u00e7i ilkel ve m\u00fc\u015fteri ihtiya\u00e7lar\u0131n\u0131 g\u00f6zeten yakla\u015f\u0131mla Hizmetinizdeyiz&#8230;<\/p>","protected":false},"excerpt":{"rendered":"<p>Bereket Topraktan, Lezzet YEN\u0130 NES\u0130L &hellip;<\/p>\n<p class=\"read-more\"> <a class=\"\" href=\"https:\/\/yeninesilagro.com\/en\/kurumsal\"> <span class=\"screen-reader-text\">Corporate<\/span> Read More \u00bb<\/a><\/p>","protected":false},"author":4,"featured_media":0,"parent":0,"menu_order":0,"comment_status":"closed","ping_status":"closed","template":"","meta":{"site-sidebar-layout":"default","site-content-layout":"default","ast-global-header-display":"","ast-banner-title-visibility":"","ast-main-header-display":"","ast-hfb-above-header-display":"","ast-hfb-below-header-display":"","ast-hfb-mobile-header-display":"","site-post-title":"disabled","ast-breadcrumbs-content":"","ast-featured-img":"","footer-sml-layout":"","theme-transparent-header-meta":"default","adv-header-id-meta":"","stick-header-meta":"default","header-above-stick-meta":"","header-main-stick-meta":"","header-below-stick-meta":"","footnotes":""},"class_list":["post-1203","page","type-page","status-publish","hentry"],"yoast_head":"<!-- This site is optimized with the Yoast SEO plugin v19.2 - https:\/\/yoast.com\/wordpress\/plugins\/seo\/ -->\n<title>Kurumsal - Yeni Nesil Agro \u00ae<\/title>\n<meta name=\"robots\" content=\"index, follow, max-snippet:-1, max-image-preview:large, max-video-preview:-1\" \/>\n<link rel=\"canonical\" href=\"https:\/\/yeninesilagro.com\/en\/kurumsal\/\" \/>\n<meta property=\"og:locale\" content=\"en_US\" \/>\n<meta property=\"og:type\" content=\"article\" \/>\n<meta property=\"og:title\" content=\"Kurumsal - Yeni Nesil Agro \u00ae\" \/>\n<meta property=\"og:description\" content=\"Bereket Topraktan, Lezzet YEN\u0130 NES\u0130L &hellip; Kurumsal Read More \u00bb\" \/>\n<meta property=\"og:url\" content=\"https:\/\/yeninesilagro.com\/en\/kurumsal\/\" \/>\n<meta property=\"og:site_name\" content=\"Yeni Nesil Agro \u00ae\" \/>\n<meta property=\"article:modified_time\" content=\"2022-07-20T12:36:23+00:00\" \/>\n<meta name=\"author\" content=\"uygarakademi\" \/>\n<meta name=\"twitter:card\" content=\"summary_large_image\" \/>\n<meta name=\"twitter:label1\" content=\"Est. reading time\" \/>\n\t<meta name=\"twitter:data1\" content=\"1 minute\" \/>\n<script type=\"application\/ld+json\" class=\"yoast-schema-graph\">{\"@context\":\"https:\/\/schema.org\",\"@graph\":[{\"@type\":\"Organization\",\"@id\":\"https:\/\/yeninesilagro.com\/#organization\",\"name\":\"Bay\u0131rd\u00fcz Otomatik Kap\u0131 Sistemleri\",\"url\":\"https:\/\/yeninesilagro.com\/\",\"sameAs\":[],\"logo\":{\"@type\":\"ImageObject\",\"inLanguage\":\"en-US\",\"@id\":\"https:\/\/yeninesilagro.com\/#\/schema\/logo\/image\/\",\"url\":\"\",\"contentUrl\":\"\",\"caption\":\"Bay\u0131rd\u00fcz Otomatik Kap\u0131 Sistemleri\"},\"image\":{\"@id\":\"https:\/\/yeninesilagro.com\/#\/schema\/logo\/image\/\"}},{\"@type\":\"WebSite\",\"@id\":\"https:\/\/yeninesilagro.com\/#website\",\"url\":\"https:\/\/yeninesilagro.com\/\",\"name\":\"Yeni Nesil Agro \u00ae\",\"description\":\"Daha sa\u011fl\u0131kl\u0131 bir nesil in\u015fa etmek i\u00e7in \",\"publisher\":{\"@id\":\"https:\/\/yeninesilagro.com\/#organization\"},\"potentialAction\":[{\"@type\":\"SearchAction\",\"target\":{\"@type\":\"EntryPoint\",\"urlTemplate\":\"https:\/\/yeninesilagro.com\/?s={search_term_string}\"},\"query-input\":\"required name=search_term_string\"}],\"inLanguage\":\"en-US\"},{\"@type\":\"WebPage\",\"@id\":\"https:\/\/yeninesilagro.com\/kurumsal#webpage\",\"url\":\"https:\/\/yeninesilagro.com\/kurumsal\",\"name\":\"Kurumsal - Yeni Nesil Agro \u00ae\",\"isPartOf\":{\"@id\":\"https:\/\/yeninesilagro.com\/#website\"},\"datePublished\":\"2022-07-06T12:00:33+00:00\",\"dateModified\":\"2022-07-20T12:36:23+00:00\",\"breadcrumb\":{\"@id\":\"https:\/\/yeninesilagro.com\/kurumsal#breadcrumb\"},\"inLanguage\":\"en-US\",\"potentialAction\":[{\"@type\":\"ReadAction\",\"target\":[\"https:\/\/yeninesilagro.com\/kurumsal\"]}]},{\"@type\":\"BreadcrumbList\",\"@id\":\"https:\/\/yeninesilagro.com\/kurumsal#breadcrumb\",\"itemListElement\":[{\"@type\":\"ListItem\",\"position\":1,\"name\":\"Anasayfa\",\"item\":\"https:\/\/yeninesilagro.com\/\"},{\"@type\":\"ListItem\",\"position\":2,\"name\":\"Kurumsal\"}]}]}<\/script>\n<!-- \/ Yoast SEO plugin. -->","yoast_head_json":{"title":"Kurumsal - Yeni Nesil Agro \u00ae","robots":{"index":"index","follow":"follow","max-snippet":"max-snippet:-1","max-image-preview":"max-image-preview:large","max-video-preview":"max-video-preview:-1"},"canonical":"https:\/\/yeninesilagro.com\/en\/kurumsal\/","og_locale":"en_US","og_type":"article","og_title":"Kurumsal - Yeni Nesil Agro \u00ae","og_description":"Bereket Topraktan, Lezzet YEN\u0130 NES\u0130L &hellip; Kurumsal Read More \u00bb","og_url":"https:\/\/yeninesilagro.com\/en\/kurumsal\/","og_site_name":"Yeni Nesil Agro \u00ae","article_modified_time":"2022-07-20T12:36:23+00:00","author":"uygarakademi","twitter_card":"summary_large_image","twitter_misc":{"Est. reading time":"1 minute"},"schema":{"@context":"https:\/\/schema.org","@graph":[{"@type":"Organization","@id":"https:\/\/yeninesilagro.com\/#organization","name":"Bay\u0131rd\u00fcz Otomatik Kap\u0131 Sistemleri","url":"https:\/\/yeninesilagro.com\/","sameAs":[],"logo":{"@type":"ImageObject","inLanguage":"en-US","@id":"https:\/\/yeninesilagro.com\/#\/schema\/logo\/image\/","url":"","contentUrl":"","caption":"Bay\u0131rd\u00fcz Otomatik Kap\u0131 Sistemleri"},"image":{"@id":"https:\/\/yeninesilagro.com\/#\/schema\/logo\/image\/"}},{"@type":"WebSite","@id":"https:\/\/yeninesilagro.com\/#website","url":"https:\/\/yeninesilagro.com\/","name":"Yeni Nesil Agro \u00ae","description":"Daha sa\u011fl\u0131kl\u0131 bir nesil in\u015fa etmek i\u00e7in ","publisher":{"@id":"https:\/\/yeninesilagro.com\/#organization"},"potentialAction":[{"@type":"SearchAction","target":{"@type":"EntryPoint","urlTemplate":"https:\/\/yeninesilagro.com\/?s={search_term_string}"},"query-input":"required name=search_term_string"}],"inLanguage":"en-US"},{"@type":"WebPage","@id":"https:\/\/yeninesilagro.com\/kurumsal#webpage","url":"https:\/\/yeninesilagro.com\/kurumsal","name":"Kurumsal - Yeni Nesil Agro \u00ae","isPartOf":{"@id":"https:\/\/yeninesilagro.com\/#website"},"datePublished":"2022-07-06T12:00:33+00:00","dateModified":"2022-07-20T12:36:23+00:00","breadcrumb":{"@id":"https:\/\/yeninesilagro.com\/kurumsal#breadcrumb"},"inLanguage":"en-US","potentialAction":[{"@type":"ReadAction","target":["https:\/\/yeninesilagro.com\/kurumsal"]}]},{"@type":"BreadcrumbList","@id":"https:\/\/yeninesilagro.com\/kurumsal#breadcrumb","itemListElement":[{"@type":"ListItem","position":1,"name":"Anasayfa","item":"https:\/\/yeninesilagro.com\/"},{"@type":"ListItem","position":2,"name":"Kurumsal"}]}]}},"_links":{"self":[{"href":"https:\/\/yeninesilagro.com\/en\/wp-json\/wp\/v2\/pages\/1203","targetHints":{"allow":["GET"]}}],"collection":[{"href":"https:\/\/yeninesilagro.com\/en\/wp-json\/wp\/v2\/pages"}],"about":[{"href":"https:\/\/yeninesilagro.com\/en\/wp-json\/wp\/v2\/types\/page"}],"author":[{"embeddable":true,"href":"https:\/\/yeninesilagro.com\/en\/wp-json\/wp\/v2\/users\/4"}],"replies":[{"embeddable":true,"href":"https:\/\/yeninesilagro.com\/en\/wp-json\/wp\/v2\/comments?post=1203"}],"version-history":[{"count":5,"href":"https:\/\/yeninesilagro.com\/en\/wp-json\/wp\/v2\/pages\/1203\/revisions"}],"predecessor-version":[{"id":1590,"href":"https:\/\/yeninesilagro.com\/en\/wp-json\/wp\/v2\/pages\/1203\/revisions\/1590"}],"wp:attachment":[{"href":"https:\/\/yeninesilagro.com\/en\/wp-json\/wp\/v2\/media?parent=1203"}],"curies":[{"name":"wp","href":"https:\/\/api.w.org\/{rel}","templated":true}]}}