{"id":1248,"date":"2022-07-06T19:35:22","date_gmt":"2022-07-06T19:35:22","guid":{"rendered":"https:\/\/yeninesilagro.com\/?page_id=1248"},"modified":"2022-07-22T13:04:01","modified_gmt":"2022-07-22T13:04:01","slug":"paket-ambalaj","status":"publish","type":"page","link":"https:\/\/yeninesilagro.com\/en\/urunlerimiz\/paket-ambalaj","title":{"rendered":"Paket Ambalaj"},"content":{"rendered":"<a href=\"https:\/\/yeninesilagro.com\/en\/urunler\/paket\/yesil-mercimek-1-kg\/\" target=\"_self\" title=\"Ye\u015fil Mercimek 1 Kg\" rel=\"noopener\">\n\t\t\t\t<img decoding=\"async\" src=\"https:\/\/yeninesilagro.com\/wp-content\/uploads\/2022\/07\/YES\u0327I\u0307L-MERCI\u0307MEK.png\" alt=\"\" \/>\n\t\t\t\t<\/a>\n\t\t\t\t\t\t<h3>\n\t\t\t\t<a href=\"https:\/\/yeninesilagro.com\/en\/urunler\/paket\/yesil-mercimek-1-kg\/\" title=\"Ye\u015fil Mercimek 1 Kg\" tabindex=\"0\">Ye\u015fil Mercimek 1 Kg<\/a>\t\t\t<\/h3>\n\t\t\t<a href=\"https:\/\/yeninesilagro.com\/en\/urunler\/paket\/yesil-mercimek-1-kg\/\" target=\"_self\" rel=\"noopener\">\u00dcr\u00fcn\u00fc \u0130ncele &#8594;<\/a>","protected":false},"excerpt":{"rendered":"<p>Ye\u015fil Mercimek 1 Kg \u00dcr\u00fcn\u00fc &hellip;<\/p>\n<p class=\"read-more\"> <a class=\"\" href=\"https:\/\/yeninesilagro.com\/en\/urunlerimiz\/paket-ambalaj\"> <span class=\"screen-reader-text\">Paket Ambalaj<\/span> Read More \u00bb<\/a><\/p>","protected":false},"author":4,"featured_media":0,"parent":704,"menu_order":0,"comment_status":"closed","ping_status":"closed","template":"","meta":{"site-sidebar-layout":"default","site-content-layout":"default","ast-global-header-display":"","ast-banner-title-visibility":"","ast-main-header-display":"","ast-hfb-above-header-display":"","ast-hfb-below-header-display":"","ast-hfb-mobile-header-display":"","site-post-title":"disabled","ast-breadcrumbs-content":"","ast-featured-img":"disabled","footer-sml-layout":"","theme-transparent-header-meta":"default","adv-header-id-meta":"","stick-header-meta":"default","header-above-stick-meta":"","header-main-stick-meta":"","header-below-stick-meta":"","footnotes":""},"class_list":["post-1248","page","type-page","status-publish","hentry"],"yoast_head":"<!-- This site is optimized with the Yoast SEO plugin v19.2 - https:\/\/yoast.com\/wordpress\/plugins\/seo\/ -->\n<title>Paket Ambalaj - Yeni Nesil Agro \u00ae<\/title>\n<meta name=\"robots\" content=\"index, follow, max-snippet:-1, max-image-preview:large, max-video-preview:-1\" \/>\n<link rel=\"canonical\" href=\"https:\/\/yeninesilagro.com\/en\/urunlerimiz\/paket-ambalaj\/\" \/>\n<meta property=\"og:locale\" content=\"en_US\" \/>\n<meta property=\"og:type\" content=\"article\" \/>\n<meta property=\"og:title\" content=\"Paket Ambalaj - Yeni Nesil Agro \u00ae\" \/>\n<meta property=\"og:description\" content=\"Ye\u015fil Mercimek 1 Kg \u00dcr\u00fcn\u00fc &hellip; Paket Ambalaj Read More \u00bb\" \/>\n<meta property=\"og:url\" content=\"https:\/\/yeninesilagro.com\/en\/urunlerimiz\/paket-ambalaj\/\" \/>\n<meta property=\"og:site_name\" content=\"Yeni Nesil Agro \u00ae\" \/>\n<meta property=\"article:modified_time\" content=\"2022-07-22T13:04:01+00:00\" \/>\n<meta property=\"og:image\" content=\"https:\/\/yeninesilagro.com\/wp-content\/uploads\/2022\/07\/PAKET-AMBALAJ-616370.png\" \/>\n\t<meta property=\"og:image:width\" content=\"1134\" \/>\n\t<meta property=\"og:image:height\" content=\"1134\" \/>\n\t<meta property=\"og:image:type\" content=\"image\/png\" \/>\n<meta name=\"author\" content=\"uygarakademi\" \/>\n<meta name=\"twitter:card\" content=\"summary_large_image\" \/>\n<meta name=\"twitter:label1\" content=\"Est. reading time\" \/>\n\t<meta name=\"twitter:data1\" content=\"1 minute\" \/>\n<script type=\"application\/ld+json\" class=\"yoast-schema-graph\">{\"@context\":\"https:\/\/schema.org\",\"@graph\":[{\"@type\":\"Organization\",\"@id\":\"https:\/\/yeninesilagro.com\/#organization\",\"name\":\"Bay\u0131rd\u00fcz Otomatik Kap\u0131 Sistemleri\",\"url\":\"https:\/\/yeninesilagro.com\/\",\"sameAs\":[],\"logo\":{\"@type\":\"ImageObject\",\"inLanguage\":\"en-US\",\"@id\":\"https:\/\/yeninesilagro.com\/#\/schema\/logo\/image\/\",\"url\":\"\",\"contentUrl\":\"\",\"caption\":\"Bay\u0131rd\u00fcz Otomatik Kap\u0131 Sistemleri\"},\"image\":{\"@id\":\"https:\/\/yeninesilagro.com\/#\/schema\/logo\/image\/\"}},{\"@type\":\"WebSite\",\"@id\":\"https:\/\/yeninesilagro.com\/#website\",\"url\":\"https:\/\/yeninesilagro.com\/\",\"name\":\"Yeni Nesil Agro \u00ae\",\"description\":\"Daha sa\u011fl\u0131kl\u0131 bir nesil in\u015fa etmek i\u00e7in \",\"publisher\":{\"@id\":\"https:\/\/yeninesilagro.com\/#organization\"},\"potentialAction\":[{\"@type\":\"SearchAction\",\"target\":{\"@type\":\"EntryPoint\",\"urlTemplate\":\"https:\/\/yeninesilagro.com\/?s={search_term_string}\"},\"query-input\":\"required name=search_term_string\"}],\"inLanguage\":\"en-US\"},{\"@type\":\"WebPage\",\"@id\":\"https:\/\/yeninesilagro.com\/urunlerimiz\/paket-ambalaj#webpage\",\"url\":\"https:\/\/yeninesilagro.com\/urunlerimiz\/paket-ambalaj\",\"name\":\"Paket Ambalaj - Yeni Nesil Agro \u00ae\",\"isPartOf\":{\"@id\":\"https:\/\/yeninesilagro.com\/#website\"},\"datePublished\":\"2022-07-06T19:35:22+00:00\",\"dateModified\":\"2022-07-22T13:04:01+00:00\",\"breadcrumb\":{\"@id\":\"https:\/\/yeninesilagro.com\/urunlerimiz\/paket-ambalaj#breadcrumb\"},\"inLanguage\":\"en-US\",\"potentialAction\":[{\"@type\":\"ReadAction\",\"target\":[\"https:\/\/yeninesilagro.com\/urunlerimiz\/paket-ambalaj\"]}]},{\"@type\":\"BreadcrumbList\",\"@id\":\"https:\/\/yeninesilagro.com\/urunlerimiz\/paket-ambalaj#breadcrumb\",\"itemListElement\":[{\"@type\":\"ListItem\",\"position\":1,\"name\":\"Anasayfa\",\"item\":\"https:\/\/yeninesilagro.com\/\"},{\"@type\":\"ListItem\",\"position\":2,\"name\":\"\u00dcr\u00fcnlerimiz\",\"item\":\"https:\/\/yeninesilagro.com\/urunlerimiz\"},{\"@type\":\"ListItem\",\"position\":3,\"name\":\"Paket Ambalaj\"}]}]}<\/script>\n<!-- \/ Yoast SEO plugin. -->","yoast_head_json":{"title":"Paket Ambalaj - Yeni Nesil Agro \u00ae","robots":{"index":"index","follow":"follow","max-snippet":"max-snippet:-1","max-image-preview":"max-image-preview:large","max-video-preview":"max-video-preview:-1"},"canonical":"https:\/\/yeninesilagro.com\/en\/urunlerimiz\/paket-ambalaj\/","og_locale":"en_US","og_type":"article","og_title":"Paket Ambalaj - Yeni Nesil Agro \u00ae","og_description":"Ye\u015fil Mercimek 1 Kg \u00dcr\u00fcn\u00fc &hellip; Paket Ambalaj Read More \u00bb","og_url":"https:\/\/yeninesilagro.com\/en\/urunlerimiz\/paket-ambalaj\/","og_site_name":"Yeni Nesil Agro \u00ae","article_modified_time":"2022-07-22T13:04:01+00:00","og_image":[{"width":1134,"height":1134,"url":"https:\/\/yeninesilagro.com\/wp-content\/uploads\/2022\/07\/PAKET-AMBALAJ-616370.png","type":"image\/png"}],"author":"uygarakademi","twitter_card":"summary_large_image","twitter_misc":{"Est. reading time":"1 minute"},"schema":{"@context":"https:\/\/schema.org","@graph":[{"@type":"Organization","@id":"https:\/\/yeninesilagro.com\/#organization","name":"Bay\u0131rd\u00fcz Otomatik Kap\u0131 Sistemleri","url":"https:\/\/yeninesilagro.com\/","sameAs":[],"logo":{"@type":"ImageObject","inLanguage":"en-US","@id":"https:\/\/yeninesilagro.com\/#\/schema\/logo\/image\/","url":"","contentUrl":"","caption":"Bay\u0131rd\u00fcz Otomatik Kap\u0131 Sistemleri"},"image":{"@id":"https:\/\/yeninesilagro.com\/#\/schema\/logo\/image\/"}},{"@type":"WebSite","@id":"https:\/\/yeninesilagro.com\/#website","url":"https:\/\/yeninesilagro.com\/","name":"Yeni Nesil Agro \u00ae","description":"Daha sa\u011fl\u0131kl\u0131 bir nesil in\u015fa etmek i\u00e7in ","publisher":{"@id":"https:\/\/yeninesilagro.com\/#organization"},"potentialAction":[{"@type":"SearchAction","target":{"@type":"EntryPoint","urlTemplate":"https:\/\/yeninesilagro.com\/?s={search_term_string}"},"query-input":"required name=search_term_string"}],"inLanguage":"en-US"},{"@type":"WebPage","@id":"https:\/\/yeninesilagro.com\/urunlerimiz\/paket-ambalaj#webpage","url":"https:\/\/yeninesilagro.com\/urunlerimiz\/paket-ambalaj","name":"Paket Ambalaj - Yeni Nesil Agro \u00ae","isPartOf":{"@id":"https:\/\/yeninesilagro.com\/#website"},"datePublished":"2022-07-06T19:35:22+00:00","dateModified":"2022-07-22T13:04:01+00:00","breadcrumb":{"@id":"https:\/\/yeninesilagro.com\/urunlerimiz\/paket-ambalaj#breadcrumb"},"inLanguage":"en-US","potentialAction":[{"@type":"ReadAction","target":["https:\/\/yeninesilagro.com\/urunlerimiz\/paket-ambalaj"]}]},{"@type":"BreadcrumbList","@id":"https:\/\/yeninesilagro.com\/urunlerimiz\/paket-ambalaj#breadcrumb","itemListElement":[{"@type":"ListItem","position":1,"name":"Anasayfa","item":"https:\/\/yeninesilagro.com\/"},{"@type":"ListItem","position":2,"name":"\u00dcr\u00fcnlerimiz","item":"https:\/\/yeninesilagro.com\/urunlerimiz"},{"@type":"ListItem","position":3,"name":"Paket Ambalaj"}]}]}},"_links":{"self":[{"href":"https:\/\/yeninesilagro.com\/en\/wp-json\/wp\/v2\/pages\/1248","targetHints":{"allow":["GET"]}}],"collection":[{"href":"https:\/\/yeninesilagro.com\/en\/wp-json\/wp\/v2\/pages"}],"about":[{"href":"https:\/\/yeninesilagro.com\/en\/wp-json\/wp\/v2\/types\/page"}],"author":[{"embeddable":true,"href":"https:\/\/yeninesilagro.com\/en\/wp-json\/wp\/v2\/users\/4"}],"replies":[{"embeddable":true,"href":"https:\/\/yeninesilagro.com\/en\/wp-json\/wp\/v2\/comments?post=1248"}],"version-history":[{"count":2,"href":"https:\/\/yeninesilagro.com\/en\/wp-json\/wp\/v2\/pages\/1248\/revisions"}],"predecessor-version":[{"id":1595,"href":"https:\/\/yeninesilagro.com\/en\/wp-json\/wp\/v2\/pages\/1248\/revisions\/1595"}],"up":[{"embeddable":true,"href":"https:\/\/yeninesilagro.com\/en\/wp-json\/wp\/v2\/pages\/704"}],"wp:attachment":[{"href":"https:\/\/yeninesilagro.com\/en\/wp-json\/wp\/v2\/media?parent=1248"}],"curies":[{"name":"wp","href":"https:\/\/api.w.org\/{rel}","templated":true}]}}