{"id":37,"date":"2022-06-20T13:53:16","date_gmt":"2022-06-20T13:53:16","guid":{"rendered":"https:\/\/yeninesilagro.com\/?page_id=37"},"modified":"2024-07-09T17:53:29","modified_gmt":"2024-07-09T17:53:29","slug":"anasayfa","status":"publish","type":"page","link":"https:\/\/yeninesilagro.com\/en\/","title":{"rendered":"Home"},"content":{"rendered":"<h2>\n\t\tProduct <br \/> Groups\n\t<\/h2>\n\t\t\t\t<a href=\"https:\/\/yeninesilagro.com\/en\/urunlerimiz\/cuval-ambalaj\/\" target=\"_self\" itemprop=\"url\" rel=\"noopener\">\n\t\t\t\t<img decoding=\"async\" src=\"https:\/\/yeninesilagro.com\/wp-content\/uploads\/2024\/07\/Yeni-Nesil-Agro-Banner2-01-scaled.jpg\" alt=\"Yeni Nesil Agro Banner-01\" title=\"Yeni Nesil Agro Banner-01\" itemprop=\"image\"  \/>\n\t\t\t\t\t\t<\/a>\n\t\t\t\t<a href=\"https:\/\/yeninesilagro.com\/en\/urunlerimiz\/bigbag-ambalaj\/\" target=\"_self\" itemprop=\"url\" rel=\"noopener\">\n\t\t\t\t<img decoding=\"async\" src=\"https:\/\/yeninesilagro.com\/wp-content\/uploads\/2024\/07\/Yeni-Nesil-Agro-Banner2-02.jpg\" alt=\"222\" title=\"222\" itemprop=\"image\"  \/>\n\t\t\t\t\t\t<\/a>\n\t<h3>\n\t\t\t\tAddress of Natural Flavors\n\t\t\t<\/h3>\n\t\t\t\n\t\t\t\t<img decoding=\"async\" src=\"https:\/\/yeninesilagro.com\/wp-content\/uploads\/2024\/06\/Adsiz-tasarim-9.png\" alt=\"Ads\u0131z tasar\u0131m (9)\" itemprop=\"image\" height=\"900\" width=\"900\" title=\"Ads\u0131z tasar\u0131m (9)\" onerror=\"this.style.display='none'\"  \/>\n\t\t\t\t<img decoding=\"async\" src=\"https:\/\/yeninesilagro.com\/wp-content\/uploads\/2024\/06\/Adsiz-tasarim-2.png\" alt=\"Ads\u0131z tasar\u0131m (2)\" itemprop=\"image\" height=\"500\" width=\"500\" title=\"Ads\u0131z tasar\u0131m (2)\" onerror=\"this.style.display='none'\"  \/>\n<h2>\n\t\tStory of Taste and Quality\n\t<\/h2>\n\t<p><b>Bereket Topraktan, Lezzet YEN\u0130 NES\u0130L AGRO&#8217;dan\u00a0<\/b>For years, we have decorated the tables with this slogan in the most natural and delicious way. We have worked meticulously in the difficult and arduous process from planting to packaging, and we have attached importance to health as much as taste.<\/p>\n<p>Daha sa\u011fl\u0131kl\u0131 bir nesil in\u015fa etmek i\u00e7in, temel g\u0131da kategorisinde topraktan sofraya, katma de\u011ferli \u00fcr\u00fcnler \u00fcreten, yenilik\u00e7i ilkel ve m\u00fc\u015fteri ihtiya\u00e7lar\u0131n\u0131 g\u00f6zeten yakla\u015f\u0131mla hizmetinizdeyiz&#8230;<\/p>\n\t\t\t<a href=\"https:\/\/yeninesilagro.com\/en\/kurumsal\/\" target=\"_self\" role=\"button\" rel=\"noopener\">\n\t\t\t\t\t\t\tSee More\n\t\t<\/a>","protected":false},"excerpt":{"rendered":"<p>\u00dcr\u00fcn Gruplar\u0131m\u0131z Do\u011fal Lezzetlerin Adresi &hellip;<\/p>\n<p class=\"read-more\"> <a class=\"\" href=\"https:\/\/yeninesilagro.com\/en\/\"> <span class=\"screen-reader-text\">Home<\/span> Read More \u00bb<\/a><\/p>","protected":false},"author":4,"featured_media":0,"parent":0,"menu_order":0,"comment_status":"closed","ping_status":"closed","template":"","meta":{"site-sidebar-layout":"default","site-content-layout":"default","ast-global-header-display":"","ast-banner-title-visibility":"","ast-main-header-display":"","ast-hfb-above-header-display":"","ast-hfb-below-header-display":"","ast-hfb-mobile-header-display":"","site-post-title":"disabled","ast-breadcrumbs-content":"","ast-featured-img":"","footer-sml-layout":"","theme-transparent-header-meta":"default","adv-header-id-meta":"","stick-header-meta":"default","header-above-stick-meta":"","header-main-stick-meta":"","header-below-stick-meta":"","footnotes":""},"class_list":["post-37","page","type-page","status-publish","hentry"],"yoast_head":"<!-- This site is optimized with the Yoast SEO plugin v19.2 - https:\/\/yoast.com\/wordpress\/plugins\/seo\/ -->\n<title>Anasayfa - Yeni Nesil Agro \u00ae<\/title>\n<meta name=\"robots\" content=\"index, follow, max-snippet:-1, max-image-preview:large, max-video-preview:-1\" \/>\n<link rel=\"canonical\" href=\"https:\/\/yeninesilagro.com\/en\/\" \/>\n<meta property=\"og:locale\" content=\"en_US\" \/>\n<meta property=\"og:type\" content=\"article\" \/>\n<meta property=\"og:title\" content=\"Anasayfa - Yeni Nesil Agro \u00ae\" \/>\n<meta property=\"og:description\" content=\"\u00dcr\u00fcn Gruplar\u0131m\u0131z Do\u011fal Lezzetlerin Adresi &hellip; Anasayfa Read More \u00bb\" \/>\n<meta property=\"og:url\" content=\"https:\/\/yeninesilagro.com\/en\/\" \/>\n<meta property=\"og:site_name\" content=\"Yeni Nesil Agro \u00ae\" \/>\n<meta property=\"article:modified_time\" content=\"2024-07-09T17:53:29+00:00\" \/>\n<meta property=\"og:image\" content=\"https:\/\/yeninesilagro.com\/wp-content\/uploads\/2024\/07\/Yeni-Nesil-Agro-Banner-01-scaled.jpg\" \/>\n<meta name=\"author\" content=\"uygarakademi\" \/>\n<meta name=\"twitter:card\" content=\"summary_large_image\" \/>\n<meta name=\"twitter:label1\" content=\"Est. reading time\" \/>\n\t<meta name=\"twitter:data1\" content=\"1 minute\" \/>\n<script type=\"application\/ld+json\" class=\"yoast-schema-graph\">{\"@context\":\"https:\/\/schema.org\",\"@graph\":[{\"@type\":\"Organization\",\"@id\":\"https:\/\/yeninesilagro.com\/#organization\",\"name\":\"Bay\u0131rd\u00fcz Otomatik Kap\u0131 Sistemleri\",\"url\":\"https:\/\/yeninesilagro.com\/\",\"sameAs\":[],\"logo\":{\"@type\":\"ImageObject\",\"inLanguage\":\"en-US\",\"@id\":\"https:\/\/yeninesilagro.com\/#\/schema\/logo\/image\/\",\"url\":\"\",\"contentUrl\":\"\",\"caption\":\"Bay\u0131rd\u00fcz Otomatik Kap\u0131 Sistemleri\"},\"image\":{\"@id\":\"https:\/\/yeninesilagro.com\/#\/schema\/logo\/image\/\"}},{\"@type\":\"WebSite\",\"@id\":\"https:\/\/yeninesilagro.com\/#website\",\"url\":\"https:\/\/yeninesilagro.com\/\",\"name\":\"Yeni Nesil Agro \u00ae\",\"description\":\"Daha sa\u011fl\u0131kl\u0131 bir nesil in\u015fa etmek i\u00e7in \",\"publisher\":{\"@id\":\"https:\/\/yeninesilagro.com\/#organization\"},\"potentialAction\":[{\"@type\":\"SearchAction\",\"target\":{\"@type\":\"EntryPoint\",\"urlTemplate\":\"https:\/\/yeninesilagro.com\/?s={search_term_string}\"},\"query-input\":\"required name=search_term_string\"}],\"inLanguage\":\"en-US\"},{\"@type\":\"ImageObject\",\"inLanguage\":\"en-US\",\"@id\":\"https:\/\/yeninesilagro.com\/#primaryimage\",\"url\":\"https:\/\/yeninesilagro.com\/wp-content\/uploads\/2024\/07\/Yeni-Nesil-Agro-Banner-01-scaled.jpg\",\"contentUrl\":\"https:\/\/yeninesilagro.com\/wp-content\/uploads\/2024\/07\/Yeni-Nesil-Agro-Banner-01-scaled.jpg\",\"width\":2560,\"height\":753},{\"@type\":\"WebPage\",\"@id\":\"https:\/\/yeninesilagro.com\/#webpage\",\"url\":\"https:\/\/yeninesilagro.com\/\",\"name\":\"Anasayfa - Yeni Nesil Agro \u00ae\",\"isPartOf\":{\"@id\":\"https:\/\/yeninesilagro.com\/#website\"},\"primaryImageOfPage\":{\"@id\":\"https:\/\/yeninesilagro.com\/#primaryimage\"},\"datePublished\":\"2022-06-20T13:53:16+00:00\",\"dateModified\":\"2024-07-09T17:53:29+00:00\",\"breadcrumb\":{\"@id\":\"https:\/\/yeninesilagro.com\/#breadcrumb\"},\"inLanguage\":\"en-US\",\"potentialAction\":[{\"@type\":\"ReadAction\",\"target\":[\"https:\/\/yeninesilagro.com\/\"]}]},{\"@type\":\"BreadcrumbList\",\"@id\":\"https:\/\/yeninesilagro.com\/#breadcrumb\",\"itemListElement\":[{\"@type\":\"ListItem\",\"position\":1,\"name\":\"Anasayfa\",\"item\":\"https:\/\/yeninesilagro.com\/\"},{\"@type\":\"ListItem\",\"position\":2,\"name\":\"Anasayfa\"}]}]}<\/script>\n<!-- \/ Yoast SEO plugin. -->","yoast_head_json":{"title":"Anasayfa - Yeni Nesil Agro \u00ae","robots":{"index":"index","follow":"follow","max-snippet":"max-snippet:-1","max-image-preview":"max-image-preview:large","max-video-preview":"max-video-preview:-1"},"canonical":"https:\/\/yeninesilagro.com\/en\/","og_locale":"en_US","og_type":"article","og_title":"Anasayfa - Yeni Nesil Agro \u00ae","og_description":"\u00dcr\u00fcn Gruplar\u0131m\u0131z Do\u011fal Lezzetlerin Adresi &hellip; Anasayfa Read More \u00bb","og_url":"https:\/\/yeninesilagro.com\/en\/","og_site_name":"Yeni Nesil Agro \u00ae","article_modified_time":"2024-07-09T17:53:29+00:00","og_image":[{"url":"https:\/\/yeninesilagro.com\/wp-content\/uploads\/2024\/07\/Yeni-Nesil-Agro-Banner-01-scaled.jpg"}],"author":"uygarakademi","twitter_card":"summary_large_image","twitter_misc":{"Est. reading time":"1 minute"},"schema":{"@context":"https:\/\/schema.org","@graph":[{"@type":"Organization","@id":"https:\/\/yeninesilagro.com\/#organization","name":"Bay\u0131rd\u00fcz Otomatik Kap\u0131 Sistemleri","url":"https:\/\/yeninesilagro.com\/","sameAs":[],"logo":{"@type":"ImageObject","inLanguage":"en-US","@id":"https:\/\/yeninesilagro.com\/#\/schema\/logo\/image\/","url":"","contentUrl":"","caption":"Bay\u0131rd\u00fcz Otomatik Kap\u0131 Sistemleri"},"image":{"@id":"https:\/\/yeninesilagro.com\/#\/schema\/logo\/image\/"}},{"@type":"WebSite","@id":"https:\/\/yeninesilagro.com\/#website","url":"https:\/\/yeninesilagro.com\/","name":"Yeni Nesil Agro \u00ae","description":"Daha sa\u011fl\u0131kl\u0131 bir nesil in\u015fa etmek i\u00e7in ","publisher":{"@id":"https:\/\/yeninesilagro.com\/#organization"},"potentialAction":[{"@type":"SearchAction","target":{"@type":"EntryPoint","urlTemplate":"https:\/\/yeninesilagro.com\/?s={search_term_string}"},"query-input":"required name=search_term_string"}],"inLanguage":"en-US"},{"@type":"ImageObject","inLanguage":"en-US","@id":"https:\/\/yeninesilagro.com\/#primaryimage","url":"https:\/\/yeninesilagro.com\/wp-content\/uploads\/2024\/07\/Yeni-Nesil-Agro-Banner-01-scaled.jpg","contentUrl":"https:\/\/yeninesilagro.com\/wp-content\/uploads\/2024\/07\/Yeni-Nesil-Agro-Banner-01-scaled.jpg","width":2560,"height":753},{"@type":"WebPage","@id":"https:\/\/yeninesilagro.com\/#webpage","url":"https:\/\/yeninesilagro.com\/","name":"Anasayfa - Yeni Nesil Agro \u00ae","isPartOf":{"@id":"https:\/\/yeninesilagro.com\/#website"},"primaryImageOfPage":{"@id":"https:\/\/yeninesilagro.com\/#primaryimage"},"datePublished":"2022-06-20T13:53:16+00:00","dateModified":"2024-07-09T17:53:29+00:00","breadcrumb":{"@id":"https:\/\/yeninesilagro.com\/#breadcrumb"},"inLanguage":"en-US","potentialAction":[{"@type":"ReadAction","target":["https:\/\/yeninesilagro.com\/"]}]},{"@type":"BreadcrumbList","@id":"https:\/\/yeninesilagro.com\/#breadcrumb","itemListElement":[{"@type":"ListItem","position":1,"name":"Anasayfa","item":"https:\/\/yeninesilagro.com\/"},{"@type":"ListItem","position":2,"name":"Anasayfa"}]}]}},"_links":{"self":[{"href":"https:\/\/yeninesilagro.com\/en\/wp-json\/wp\/v2\/pages\/37","targetHints":{"allow":["GET"]}}],"collection":[{"href":"https:\/\/yeninesilagro.com\/en\/wp-json\/wp\/v2\/pages"}],"about":[{"href":"https:\/\/yeninesilagro.com\/en\/wp-json\/wp\/v2\/types\/page"}],"author":[{"embeddable":true,"href":"https:\/\/yeninesilagro.com\/en\/wp-json\/wp\/v2\/users\/4"}],"replies":[{"embeddable":true,"href":"https:\/\/yeninesilagro.com\/en\/wp-json\/wp\/v2\/comments?post=37"}],"version-history":[{"count":144,"href":"https:\/\/yeninesilagro.com\/en\/wp-json\/wp\/v2\/pages\/37\/revisions"}],"predecessor-version":[{"id":1999,"href":"https:\/\/yeninesilagro.com\/en\/wp-json\/wp\/v2\/pages\/37\/revisions\/1999"}],"wp:attachment":[{"href":"https:\/\/yeninesilagro.com\/en\/wp-json\/wp\/v2\/media?parent=37"}],"curies":[{"name":"wp","href":"https:\/\/api.w.org\/{rel}","templated":true}]}}